{"id":242,"date":"2024-02-29T17:22:41","date_gmt":"2024-02-29T16:22:41","guid":{"rendered":"https:\/\/cafeterialamilla.com\/?page_id=242"},"modified":"2024-02-29T18:01:03","modified_gmt":"2024-02-29T17:01:03","slug":"menu","status":"publish","type":"page","link":"https:\/\/cafeterialamilla.com\/index.php\/menu\/","title":{"rendered":"Men\u00fa"},"content":{"rendered":"\n<p><\/p>\n\n\n\n<p class=\"has-text-align-center\">Puedes consultar aqu\u00ed nuestro men\u00fa.&nbsp;<br>Pulsa sobre el QR o escan\u00e9alo.<br><\/p>\n\n\n<div class=\"wp-block-image\">\n<figure class=\"aligncenter size-full\"><a href=\"https:\/\/qrco.de\/bbWayH\" target=\"_blank\" rel=\"noreferrer noopener\"><img loading=\"lazy\" decoding=\"async\" width=\"538\" height=\"528\" src=\"https:\/\/cafeterialamilla.com\/wp-content\/uploads\/2024\/02\/menu2.jpg\" alt=\"\" class=\"wp-image-39\" srcset=\"https:\/\/cafeterialamilla.com\/wp-content\/uploads\/2024\/02\/menu2.jpg 538w, https:\/\/cafeterialamilla.com\/wp-content\/uploads\/2024\/02\/menu2-300x294.jpg 300w\" sizes=\"auto, (max-width: 538px) 100vw, 538px\" \/><\/a><\/figure>\n<\/div>","protected":false},"excerpt":{"rendered":"<p>Puedes consultar aqu\u00ed nuestro men\u00fa.&nbsp;Pulsa sobre el QR o escan\u00e9alo.<\/p>\n","protected":false},"author":1,"featured_media":0,"parent":0,"menu_order":1,"comment_status":"closed","ping_status":"closed","template":"","meta":{"footnotes":""},"class_list":["post-242","page","type-page","status-publish","hentry"],"yoast_head":"<!-- This site is optimized with the Yoast SEO plugin v27.4 - https:\/\/yoast.com\/product\/yoast-seo-wordpress\/ -->\n<title>Men\u00fa - La Milla<\/title>\n<meta name=\"robots\" content=\"index, follow, max-snippet:-1, max-image-preview:large, max-video-preview:-1\" \/>\n<link rel=\"canonical\" href=\"https:\/\/cafeterialamilla.com\/index.php\/menu\/\" \/>\n<meta property=\"og:locale\" content=\"es_ES\" \/>\n<meta property=\"og:type\" content=\"article\" \/>\n<meta property=\"og:title\" content=\"Men\u00fa - La Milla\" \/>\n<meta property=\"og:description\" content=\"Puedes consultar aqu\u00ed nuestro men\u00fa.&nbsp;Pulsa sobre el QR o escan\u00e9alo.\" \/>\n<meta property=\"og:url\" content=\"https:\/\/cafeterialamilla.com\/index.php\/menu\/\" \/>\n<meta property=\"og:site_name\" content=\"La Milla\" \/>\n<meta property=\"article:modified_time\" content=\"2024-02-29T17:01:03+00:00\" \/>\n<meta property=\"og:image\" content=\"https:\/\/cafeterialamilla.com\/wp-content\/uploads\/2024\/02\/menu2.jpg\" \/>\n<meta name=\"twitter:card\" content=\"summary_large_image\" \/>\n<meta name=\"twitter:label1\" content=\"Tiempo de lectura\" \/>\n\t<meta name=\"twitter:data1\" content=\"1 minuto\" \/>\n<script type=\"application\/ld+json\" class=\"yoast-schema-graph\">{\"@context\":\"https:\\\/\\\/schema.org\",\"@graph\":[{\"@type\":\"WebPage\",\"@id\":\"https:\\\/\\\/cafeterialamilla.com\\\/index.php\\\/menu\\\/\",\"url\":\"https:\\\/\\\/cafeterialamilla.com\\\/index.php\\\/menu\\\/\",\"name\":\"Men\u00fa - La Milla\",\"isPartOf\":{\"@id\":\"https:\\\/\\\/cafeterialamilla.com\\\/#website\"},\"primaryImageOfPage\":{\"@id\":\"https:\\\/\\\/cafeterialamilla.com\\\/index.php\\\/menu\\\/#primaryimage\"},\"image\":{\"@id\":\"https:\\\/\\\/cafeterialamilla.com\\\/index.php\\\/menu\\\/#primaryimage\"},\"thumbnailUrl\":\"https:\\\/\\\/cafeterialamilla.com\\\/wp-content\\\/uploads\\\/2024\\\/02\\\/menu2.jpg\",\"datePublished\":\"2024-02-29T16:22:41+00:00\",\"dateModified\":\"2024-02-29T17:01:03+00:00\",\"breadcrumb\":{\"@id\":\"https:\\\/\\\/cafeterialamilla.com\\\/index.php\\\/menu\\\/#breadcrumb\"},\"inLanguage\":\"es\",\"potentialAction\":[{\"@type\":\"ReadAction\",\"target\":[\"https:\\\/\\\/cafeterialamilla.com\\\/index.php\\\/menu\\\/\"]}]},{\"@type\":\"ImageObject\",\"inLanguage\":\"es\",\"@id\":\"https:\\\/\\\/cafeterialamilla.com\\\/index.php\\\/menu\\\/#primaryimage\",\"url\":\"https:\\\/\\\/cafeterialamilla.com\\\/wp-content\\\/uploads\\\/2024\\\/02\\\/menu2.jpg\",\"contentUrl\":\"https:\\\/\\\/cafeterialamilla.com\\\/wp-content\\\/uploads\\\/2024\\\/02\\\/menu2.jpg\",\"width\":538,\"height\":528},{\"@type\":\"BreadcrumbList\",\"@id\":\"https:\\\/\\\/cafeterialamilla.com\\\/index.php\\\/menu\\\/#breadcrumb\",\"itemListElement\":[{\"@type\":\"ListItem\",\"position\":1,\"name\":\"Portada\",\"item\":\"https:\\\/\\\/cafeterialamilla.com\\\/\"},{\"@type\":\"ListItem\",\"position\":2,\"name\":\"Men\u00fa\"}]},{\"@type\":\"WebSite\",\"@id\":\"https:\\\/\\\/cafeterialamilla.com\\\/#website\",\"url\":\"https:\\\/\\\/cafeterialamilla.com\\\/\",\"name\":\"La Milla\",\"description\":\"Escritorio\",\"publisher\":{\"@id\":\"https:\\\/\\\/cafeterialamilla.com\\\/#organization\"},\"potentialAction\":[{\"@type\":\"SearchAction\",\"target\":{\"@type\":\"EntryPoint\",\"urlTemplate\":\"https:\\\/\\\/cafeterialamilla.com\\\/?s={search_term_string}\"},\"query-input\":{\"@type\":\"PropertyValueSpecification\",\"valueRequired\":true,\"valueName\":\"search_term_string\"}}],\"inLanguage\":\"es\"},{\"@type\":\"Organization\",\"@id\":\"https:\\\/\\\/cafeterialamilla.com\\\/#organization\",\"name\":\"La Milla\",\"url\":\"https:\\\/\\\/cafeterialamilla.com\\\/\",\"logo\":{\"@type\":\"ImageObject\",\"inLanguage\":\"es\",\"@id\":\"https:\\\/\\\/cafeterialamilla.com\\\/#\\\/schema\\\/logo\\\/image\\\/\",\"url\":\"https:\\\/\\\/cafeterialamilla.com\\\/wp-content\\\/uploads\\\/2024\\\/02\\\/cropped-logo-la-milla-2.jpg\",\"contentUrl\":\"https:\\\/\\\/cafeterialamilla.com\\\/wp-content\\\/uploads\\\/2024\\\/02\\\/cropped-logo-la-milla-2.jpg\",\"width\":626,\"height\":603,\"caption\":\"La Milla\"},\"image\":{\"@id\":\"https:\\\/\\\/cafeterialamilla.com\\\/#\\\/schema\\\/logo\\\/image\\\/\"}}]}<\/script>\n<!-- \/ Yoast SEO plugin. -->","yoast_head_json":{"title":"Men\u00fa - La Milla","robots":{"index":"index","follow":"follow","max-snippet":"max-snippet:-1","max-image-preview":"max-image-preview:large","max-video-preview":"max-video-preview:-1"},"canonical":"https:\/\/cafeterialamilla.com\/index.php\/menu\/","og_locale":"es_ES","og_type":"article","og_title":"Men\u00fa - La Milla","og_description":"Puedes consultar aqu\u00ed nuestro men\u00fa.&nbsp;Pulsa sobre el QR o escan\u00e9alo.","og_url":"https:\/\/cafeterialamilla.com\/index.php\/menu\/","og_site_name":"La Milla","article_modified_time":"2024-02-29T17:01:03+00:00","og_image":[{"url":"https:\/\/cafeterialamilla.com\/wp-content\/uploads\/2024\/02\/menu2.jpg","type":"","width":"","height":""}],"twitter_card":"summary_large_image","twitter_misc":{"Tiempo de lectura":"1 minuto"},"schema":{"@context":"https:\/\/schema.org","@graph":[{"@type":"WebPage","@id":"https:\/\/cafeterialamilla.com\/index.php\/menu\/","url":"https:\/\/cafeterialamilla.com\/index.php\/menu\/","name":"Men\u00fa - La Milla","isPartOf":{"@id":"https:\/\/cafeterialamilla.com\/#website"},"primaryImageOfPage":{"@id":"https:\/\/cafeterialamilla.com\/index.php\/menu\/#primaryimage"},"image":{"@id":"https:\/\/cafeterialamilla.com\/index.php\/menu\/#primaryimage"},"thumbnailUrl":"https:\/\/cafeterialamilla.com\/wp-content\/uploads\/2024\/02\/menu2.jpg","datePublished":"2024-02-29T16:22:41+00:00","dateModified":"2024-02-29T17:01:03+00:00","breadcrumb":{"@id":"https:\/\/cafeterialamilla.com\/index.php\/menu\/#breadcrumb"},"inLanguage":"es","potentialAction":[{"@type":"ReadAction","target":["https:\/\/cafeterialamilla.com\/index.php\/menu\/"]}]},{"@type":"ImageObject","inLanguage":"es","@id":"https:\/\/cafeterialamilla.com\/index.php\/menu\/#primaryimage","url":"https:\/\/cafeterialamilla.com\/wp-content\/uploads\/2024\/02\/menu2.jpg","contentUrl":"https:\/\/cafeterialamilla.com\/wp-content\/uploads\/2024\/02\/menu2.jpg","width":538,"height":528},{"@type":"BreadcrumbList","@id":"https:\/\/cafeterialamilla.com\/index.php\/menu\/#breadcrumb","itemListElement":[{"@type":"ListItem","position":1,"name":"Portada","item":"https:\/\/cafeterialamilla.com\/"},{"@type":"ListItem","position":2,"name":"Men\u00fa"}]},{"@type":"WebSite","@id":"https:\/\/cafeterialamilla.com\/#website","url":"https:\/\/cafeterialamilla.com\/","name":"La Milla","description":"Escritorio","publisher":{"@id":"https:\/\/cafeterialamilla.com\/#organization"},"potentialAction":[{"@type":"SearchAction","target":{"@type":"EntryPoint","urlTemplate":"https:\/\/cafeterialamilla.com\/?s={search_term_string}"},"query-input":{"@type":"PropertyValueSpecification","valueRequired":true,"valueName":"search_term_string"}}],"inLanguage":"es"},{"@type":"Organization","@id":"https:\/\/cafeterialamilla.com\/#organization","name":"La Milla","url":"https:\/\/cafeterialamilla.com\/","logo":{"@type":"ImageObject","inLanguage":"es","@id":"https:\/\/cafeterialamilla.com\/#\/schema\/logo\/image\/","url":"https:\/\/cafeterialamilla.com\/wp-content\/uploads\/2024\/02\/cropped-logo-la-milla-2.jpg","contentUrl":"https:\/\/cafeterialamilla.com\/wp-content\/uploads\/2024\/02\/cropped-logo-la-milla-2.jpg","width":626,"height":603,"caption":"La Milla"},"image":{"@id":"https:\/\/cafeterialamilla.com\/#\/schema\/logo\/image\/"}}]}},"_links":{"self":[{"href":"https:\/\/cafeterialamilla.com\/index.php\/wp-json\/wp\/v2\/pages\/242","targetHints":{"allow":["GET"]}}],"collection":[{"href":"https:\/\/cafeterialamilla.com\/index.php\/wp-json\/wp\/v2\/pages"}],"about":[{"href":"https:\/\/cafeterialamilla.com\/index.php\/wp-json\/wp\/v2\/types\/page"}],"author":[{"embeddable":true,"href":"https:\/\/cafeterialamilla.com\/index.php\/wp-json\/wp\/v2\/users\/1"}],"replies":[{"embeddable":true,"href":"https:\/\/cafeterialamilla.com\/index.php\/wp-json\/wp\/v2\/comments?post=242"}],"version-history":[{"count":4,"href":"https:\/\/cafeterialamilla.com\/index.php\/wp-json\/wp\/v2\/pages\/242\/revisions"}],"predecessor-version":[{"id":269,"href":"https:\/\/cafeterialamilla.com\/index.php\/wp-json\/wp\/v2\/pages\/242\/revisions\/269"}],"wp:attachment":[{"href":"https:\/\/cafeterialamilla.com\/index.php\/wp-json\/wp\/v2\/media?parent=242"}],"curies":[{"name":"wp","href":"https:\/\/api.w.org\/{rel}","templated":true}]}}